{"id":48,"date":"2024-03-05T14:40:12","date_gmt":"2024-03-05T13:40:12","guid":{"rendered":"https:\/\/www.gruppentherapie-braunschweig.de\/home\/?page_id=48"},"modified":"2024-03-05T14:40:12","modified_gmt":"2024-03-05T13:40:12","slug":"gruppentherapie","status":"publish","type":"page","link":"https:\/\/www.gruppentherapie-braunschweig.de\/home\/gruppentherapie\/","title":{"rendered":"Gruppentherapie"},"content":{"rendered":"\n<p>F\u00fcr wen ist diese Gruppe: Menschen mit berufsbedingten oder h\u00e4uslichen Problemen im zwischenmenschlichen Bereich (Streit, R\u00fcckzug, \u00dcberforderung, Aggressionsausbr\u00fcche).<br>Symptome, die aus nicht gekl\u00e4rten Konflikten resultieren sind: Depressionen (Burn-Out), \u00c4ngste (z.B. existentielle \u00c4ngste, Schwierigkeiten im Umgang mit Menschen) oder psychosomatische Beschwerden (Schlafst\u00f6rungen, Konzentrationsst\u00f6rungen, Ersch\u00f6pfung, Schwindel, \u00dcbelkeit, Schmerzen).<\/p>\n\n\n\n<p>Eine Kosten\u00fcbernahme wird in der Regel durch Ihre Krankenkasse gew\u00e4hrleistet.<\/p>\n","protected":false},"excerpt":{"rendered":"<p>F\u00fcr wen ist diese Gruppe: Menschen mit berufsbedingten oder h\u00e4uslichen Problemen im zwischenmenschlichen Bereich (Streit, R\u00fcckzug, \u00dcberforderung, Aggressionsausbr\u00fcche).Symptome, die aus nicht gekl\u00e4rten Konflikten resultieren sind: Depressionen (Burn-Out), \u00c4ngste (z.B. existentielle \u00c4ngste, Schwierigkeiten im Umgang mit Menschen) oder psychosomatische Beschwerden (Schlafst\u00f6rungen, Konzentrationsst\u00f6rungen, Ersch\u00f6pfung, Schwindel, \u00dcbelkeit, Schmerzen). Eine Kosten\u00fcbernahme wird in der Regel durch Ihre Krankenkasse gew\u00e4hrleistet.<\/p>\n","protected":false},"author":1,"featured_media":32,"parent":0,"menu_order":0,"comment_status":"closed","ping_status":"closed","template":"","meta":{"footnotes":""},"class_list":["post-48","page","type-page","status-publish","has-post-thumbnail","hentry"],"_links":{"self":[{"href":"https:\/\/www.gruppentherapie-braunschweig.de\/home\/wp-json\/wp\/v2\/pages\/48","targetHints":{"allow":["GET"]}}],"collection":[{"href":"https:\/\/www.gruppentherapie-braunschweig.de\/home\/wp-json\/wp\/v2\/pages"}],"about":[{"href":"https:\/\/www.gruppentherapie-braunschweig.de\/home\/wp-json\/wp\/v2\/types\/page"}],"author":[{"embeddable":true,"href":"https:\/\/www.gruppentherapie-braunschweig.de\/home\/wp-json\/wp\/v2\/users\/1"}],"replies":[{"embeddable":true,"href":"https:\/\/www.gruppentherapie-braunschweig.de\/home\/wp-json\/wp\/v2\/comments?post=48"}],"version-history":[{"count":1,"href":"https:\/\/www.gruppentherapie-braunschweig.de\/home\/wp-json\/wp\/v2\/pages\/48\/revisions"}],"predecessor-version":[{"id":49,"href":"https:\/\/www.gruppentherapie-braunschweig.de\/home\/wp-json\/wp\/v2\/pages\/48\/revisions\/49"}],"wp:featuredmedia":[{"embeddable":true,"href":"https:\/\/www.gruppentherapie-braunschweig.de\/home\/wp-json\/wp\/v2\/media\/32"}],"wp:attachment":[{"href":"https:\/\/www.gruppentherapie-braunschweig.de\/home\/wp-json\/wp\/v2\/media?parent=48"}],"curies":[{"name":"wp","href":"https:\/\/api.w.org\/{rel}","templated":true}]}}