{"id":50,"date":"2024-03-05T14:41:14","date_gmt":"2024-03-05T13:41:14","guid":{"rendered":"https:\/\/www.gruppentherapie-braunschweig.de\/home\/?page_id=50"},"modified":"2024-03-05T14:41:14","modified_gmt":"2024-03-05T13:41:14","slug":"impressum","status":"publish","type":"page","link":"https:\/\/www.gruppentherapie-braunschweig.de\/home\/impressum\/","title":{"rendered":"Impressum"},"content":{"rendered":"\n<p>Dr. rer. nat. Dipl.-Psych. Axel M\u00f6hler<br>Psychologischer Psychotherapeut<\/p>\n\n\n\n<p>Gro\u00dfe Wiese 6<br>38528 Rolfsb\u00fcttel<\/p>\n\n\n\n<p>info(at)gruppentherapie-braunschweig.de<\/p>\n\n\n\n<p>Integrative Therapie &#8211; Gestalttherapie &#8211; Supervision<br>Lehranalyse &#8211; Coaching &#8211; Gruppentherapie<\/p>\n\n\n\n<p>alle Kassen<\/p>\n\n\n\n<h3 class=\"wp-block-heading\">Rechtliche Hinweise und Haftungsausschluss:<\/h3>\n\n\n\n<ol class=\"wp-block-list\">\n<li>Diese Webseiten dienen ausschlie\u00dflich der Information zum Therapieangebot von Dr. Axel M\u00f6hler, im Folgenden Betreiber genannt. Die Texte, Bilder, Grafiken und das Layout sowie die gesamte graphische Gestaltung dieser Seiten sind urheberrechtlich gesch\u00fctzt.<\/li>\n\n\n\n<li>Die Inhalte dieser Webseiten dienen lediglich allgemeinen Informationszwecken. Auch wenn alle Angaben auf ihre Richtigkeit und Vollst\u00e4ndigkeit gepr\u00fcft wurden, kann das Auftreten von Fehlern oder Ungenauigkeiten in Einzelf\u00e4llen nicht ausgeschlossen werden. Der Betreiber der Website \u00fcbernimmt deshalb hinsichtlich der Richtigkeit, Vollst\u00e4ndigkeit und Aktualit\u00e4t ihrer Webseiten keine Haftung f\u00fcr Sch\u00e4den materieller oder immaterieller Art, die durch die Nutzung fehlerhafter oder unvollst\u00e4ndiger Informationen innerhalb dieses Internetangebotes entstehen.<\/li>\n\n\n\n<li>Der Betreiber beh\u00e4lt sich ausdr\u00fccklich vor, Teile der Seiten oder das gesamte Angebot ohne gesonderte Ank\u00fcndigung zu ver\u00e4ndern, zu erg\u00e4nzen, zu l\u00f6schen oder die Ver\u00f6ffentlichung zeitweise oder endg\u00fcltig einzustellen.<\/li>\n\n\n\n<li>Trotz sorgf\u00e4ltiger inhaltlicher Kontrolle \u00fcbernimmt der Betreiber keine Haftung f\u00fcr die Inhalte externer Links. F\u00fcr den Inhalt der verlinkten Seiten sind ausschlie\u00dflich deren Betreiber verantwortlich.<\/li>\n\n\n\n<li>Sofern innerhalb des Internetangebots des Betreibers die M\u00f6glichkeit zur Eingabe pers\u00f6nlicher oder gesch\u00e4ftlicher Daten besteht, erfolgt diese Angabe der Daten durch den Nutzer ausdr\u00fccklich auf freiwilliger Basis. Der Betreiber erkl\u00e4rt ausdr\u00fccklich, dass diese Daten nur zu dem angegebenen Zweck verwendet und nicht an Dritte weitergegeben werden. Alle Angaben werden gem\u00e4\u00df den geltenden datenschutzrechtlichen Bestimmungen vertraulich behandelt.<\/li>\n<\/ol>\n\n\n\n<h3 class=\"wp-block-heading\">Haftung f\u00fcr Inhalte<\/h3>\n\n\n\n<p>Die Inhalte unserer Seiten wurden mit gr\u00f6\u00dfter Sorgfalt erstellt. F\u00fcr die Richtigkeit, Vollst\u00e4ndigkeit und Aktualit\u00e4t der Inhalte k\u00f6nnen wir jedoch keine Gew\u00e4hr \u00fcbernehmen. Als Diensteanbieter sind wir gem\u00e4\u00df \u00a7 7 Abs.1 TMG f\u00fcr eigene Inhalte auf diesen Seiten nach den allgemeinen Gesetzen verantwortlich. Nach \u00a7\u00a7 8 bis 10 TMG sind wir als Diensteanbieter jedoch nicht verpflichtet, \u00fcbermittelte oder gespeicherte fremde Informationen zu \u00fcberwachen oder nach Umst\u00e4nden zu forschen, die auf eine rechtswidrige T\u00e4tigkeit hinweisen. Verpflichtungen zur Entfernung oder Sperrung der Nutzung von Informationen nach den allgemeinen Gesetzen bleiben hiervon unber\u00fchrt. Eine diesbez\u00fcgliche Haftung ist jedoch erst ab dem Zeitpunkt der Kenntnis einer konkreten Rechtsverletzung m\u00f6glich. Bei Bekanntwerden von entsprechenden Rechtsverletzungen werden wir diese Inhalte umgehend entfernen.<\/p>\n\n\n\n<h3 class=\"wp-block-heading\">Haftung f\u00fcr Links<\/h3>\n\n\n\n<p>Unser Angebot enth\u00e4lt Links zu externen Webseiten Dritter, auf deren Inhalte wir keinen Einfluss haben. Deshalb k\u00f6nnen wir f\u00fcr diese fremden Inhalte auch keine Gew\u00e4hr \u00fcbernehmen. F\u00fcr die Inhalte der verlinkten Seiten ist stets der jeweilige Anbieter oder Betreiber der Seiten verantwortlich. Die verlinkten Seiten wurden zum Zeitpunkt der Verlinkung auf m\u00f6gliche Rechtsverst\u00f6\u00dfe \u00fcberpr\u00fcft. Rechtswidrige Inhalte waren zum Zeitpunkt der Verlinkung nicht erkennbar. Eine permanente inhaltliche Kontrolle der verlinkten Seiten ist jedoch ohne konkrete Anhaltspunkte einer Rechtsverletzung nicht zumutbar. Bei Bekanntwerden von Rechtsverletzungen werden wir derartige Links umgehend entfernen.<\/p>\n\n\n\n<h3 class=\"wp-block-heading\">Urheberrecht<\/h3>\n\n\n\n<p>Die durch die Seitenbetreiber erstellten Inhalte und Werke auf diesen Seiten unterliegen dem deutschen Urheberrecht. Die Vervielf\u00e4ltigung, Bearbeitung, Verbreitung und jede Art der Verwertung au\u00dferhalb der Grenzen des Urheberrechtes bed\u00fcrfen der schriftlichen Zustimmung des jeweiligen Autors bzw. Erstellers. Downloads und Kopien dieser Seite sind nur f\u00fcr den privaten, nicht kommerziellen Gebrauch gestattet. Soweit die Inhalte auf dieser Seite nicht vom Betreiber erstellt wurden, werden die Urheberrechte Dritter beachtet. Insbesondere werden Inhalte Dritter als solche gekennzeichnet. Sollten Sie trotzdem auf eine Urheberrechtsverletzung aufmerksam werden, bitten wir um einen entsprechenden Hinweis. Bei Bekanntwerden von Rechtsverletzungen werden wir derartige Inhalte umgehend entfernen.<\/p>\n","protected":false},"excerpt":{"rendered":"<p>Dr. rer. nat. Dipl.-Psych. Axel M\u00f6hlerPsychologischer Psychotherapeut Gro\u00dfe Wiese 638528 Rolfsb\u00fcttel info(at)gruppentherapie-braunschweig.de Integrative Therapie &#8211; Gestalttherapie &#8211; SupervisionLehranalyse &#8211; Coaching &#8211; Gruppentherapie alle Kassen Rechtliche Hinweise und Haftungsausschluss: Haftung f\u00fcr Inhalte Die Inhalte unserer Seiten wurden mit gr\u00f6\u00dfter Sorgfalt erstellt. F\u00fcr die Richtigkeit, Vollst\u00e4ndigkeit und Aktualit\u00e4t der Inhalte k\u00f6nnen wir jedoch keine Gew\u00e4hr \u00fcbernehmen. Als [&hellip;]<\/p>\n","protected":false},"author":1,"featured_media":0,"parent":0,"menu_order":0,"comment_status":"closed","ping_status":"closed","template":"","meta":{"footnotes":""},"class_list":["post-50","page","type-page","status-publish","hentry"],"_links":{"self":[{"href":"https:\/\/www.gruppentherapie-braunschweig.de\/home\/wp-json\/wp\/v2\/pages\/50","targetHints":{"allow":["GET"]}}],"collection":[{"href":"https:\/\/www.gruppentherapie-braunschweig.de\/home\/wp-json\/wp\/v2\/pages"}],"about":[{"href":"https:\/\/www.gruppentherapie-braunschweig.de\/home\/wp-json\/wp\/v2\/types\/page"}],"author":[{"embeddable":true,"href":"https:\/\/www.gruppentherapie-braunschweig.de\/home\/wp-json\/wp\/v2\/users\/1"}],"replies":[{"embeddable":true,"href":"https:\/\/www.gruppentherapie-braunschweig.de\/home\/wp-json\/wp\/v2\/comments?post=50"}],"version-history":[{"count":1,"href":"https:\/\/www.gruppentherapie-braunschweig.de\/home\/wp-json\/wp\/v2\/pages\/50\/revisions"}],"predecessor-version":[{"id":51,"href":"https:\/\/www.gruppentherapie-braunschweig.de\/home\/wp-json\/wp\/v2\/pages\/50\/revisions\/51"}],"wp:attachment":[{"href":"https:\/\/www.gruppentherapie-braunschweig.de\/home\/wp-json\/wp\/v2\/media?parent=50"}],"curies":[{"name":"wp","href":"https:\/\/api.w.org\/{rel}","templated":true}]}}